{"id":26,"date":"2020-11-11T16:21:38","date_gmt":"2020-11-11T15:21:38","guid":{"rendered":"http:\/\/floetnicomotz.com\/?page_id=26"},"modified":"2022-07-05T20:50:38","modified_gmt":"2022-07-05T18:50:38","slug":"accueil","status":"publish","type":"page","link":"https:\/\/floetnicomotz.com\/en\/","title":{"rendered":"Terroir wine"},"content":{"rendered":"<p>Let's introduce ourselves. We are Florent and Nicolas Motz, two brothers from a winegrowers family based in Bernardswiller, in the south of Strasbourg. The vinyards covers 5 terroirs around the village.&nbsp;<br>We have created a range of Natural Wines from our parents winery. The grappes are cultivated in accordance with the organics specifications since more than ten years.<\/p>\n\n\n\n<p>Our objective is to go to the end of the reflection started by our ancestors by developing wines without artifice from the vine to the cellar.<\/p>\n\n\n\n<p>The soils are covered with oats, vetch, clover, phacelia and foraged radishes to protect and nourish our ecosystem. Most of the work in the vineyard is done by hand in order to be precise and to limit soil compaction. The immune defenses of the vines are reinforced thanks to nettle, horsetail, wicker, etc. Manual harvesting makes it possible to sort the grapes before being pressed and to limit their excessive handling.&nbsp;<\/p>\n\n\n\n<p>The yeasts present naturally on the berries allow the fermentation of the grape juice into wine for a period ranging from 2 to 6 months. This phase is followed by aging on fine lees in hundred-year-old oak casks. During bottling, no sulphite is added to preserve the full expression of our wines.<\/p>\n\n\n\n<p>We have also paid attention to the packaging which has been selected to be consistent with our ethics.<\/p>","protected":false},"excerpt":{"rendered":"<p>Nous sommes Florent et Nicolas Motz, deux fr\u00e8res descendants d\u2019une famille de vignerons situ\u00e9e \u00e0 Bernardswiller, au sud de Strasbourg. Le domaine s\u2019\u00e9tend sur 5 terroirs autour du village.&nbsp;Nous avons cr\u00e9\u00e9 une gamme de Vins Nature issue du vignoble de nos parents. Celui-ci est cultiv\u00e9 dans le respect du cahier des charges en agriculture biologique &hellip; <\/p>\n<p class=\"link-more\"><a href=\"https:\/\/floetnicomotz.com\/en\/\" class=\"more-link\">Continue reading<span class=\"screen-reader-text\"> \u00ab\u00a0Vins de terroir\u00a0\u00bb<\/span><\/a><\/p>","protected":false},"author":1,"featured_media":152,"parent":0,"menu_order":0,"comment_status":"closed","ping_status":"closed","template":"","meta":{"footnotes":""},"class_list":["post-26","page","type-page","status-publish","has-post-thumbnail","hentry"],"_links":{"self":[{"href":"https:\/\/floetnicomotz.com\/en\/wp-json\/wp\/v2\/pages\/26","targetHints":{"allow":["GET"]}}],"collection":[{"href":"https:\/\/floetnicomotz.com\/en\/wp-json\/wp\/v2\/pages"}],"about":[{"href":"https:\/\/floetnicomotz.com\/en\/wp-json\/wp\/v2\/types\/page"}],"author":[{"embeddable":true,"href":"https:\/\/floetnicomotz.com\/en\/wp-json\/wp\/v2\/users\/1"}],"replies":[{"embeddable":true,"href":"https:\/\/floetnicomotz.com\/en\/wp-json\/wp\/v2\/comments?post=26"}],"version-history":[{"count":0,"href":"https:\/\/floetnicomotz.com\/en\/wp-json\/wp\/v2\/pages\/26\/revisions"}],"wp:featuredmedia":[{"embeddable":true,"href":"https:\/\/floetnicomotz.com\/en\/wp-json\/wp\/v2\/media\/152"}],"wp:attachment":[{"href":"https:\/\/floetnicomotz.com\/en\/wp-json\/wp\/v2\/media?parent=26"}],"curies":[{"name":"wp","href":"https:\/\/api.w.org\/{rel}","templated":true}]}}